{"id":86,"date":"2018-06-01T16:04:36","date_gmt":"2018-06-01T14:04:36","guid":{"rendered":"http:\/\/blog.anziehungspunkt-oberwesel.de\/?page_id=86"},"modified":"2018-06-01T16:04:36","modified_gmt":"2018-06-01T14:04:36","slug":"datenschutzerklaerung","status":"publish","type":"page","link":"https:\/\/blog.anziehungspunkt-oberwesel.de\/?page_id=86","title":{"rendered":"Datenschutzerkl\u00e4rung"},"content":{"rendered":"<p><strong><u>Datenschutzerkl\u00e4rung nach DSGVO<\/u><\/strong><\/p>\n<p>(Stand Mai 2018)<\/p>\n<p><strong>Verantwortlicher f\u00fcr die Datenverarbeitung<\/strong><\/p>\n<p id=\"u1306-5\">Annette Macholz-Sch\u00fctz<\/p>\n<p id=\"u1306-7\">Second-Hand Anziehungspunkt Oberwesel<\/p>\n<p id=\"u1306-9\">Koblenzer Stra\u00dfe 11<\/p>\n<p>55430 Oberwesel<\/p>\n<p>&nbsp;<\/p>\n<p><strong>Datenverarbeitung allgemein<\/strong><\/p>\n<p>&nbsp;<\/p>\n<p>Wir erheben Ihre Daten zum Zweck der Erf\u00fcllung vertraglicher und vorvertraglicher Pflichten sowie aufgrund berechtigter Interessen. Diese sind die Gew\u00e4hrleistung unserer vertraglichen und vorvertraglichen Pflichten und Nebenpflichten sowie einer sicheren technischen Funktion dieser Website. Die Datenverarbeitung hat ihre gesetzliche Grundlage in Art. 6 Abs. 1 lit. b und f DSGVO. Eine Weitergabe Ihrer Daten an Dritte findet nur dann statt, wenn wir hierzu gesetzlich verpflichtet sind (Art. 6 Abs. 1 lit. c DSGVO). Die Daten werden nach Ma\u00dfgabe der gesetzlichen Bestimmungen gel\u00f6scht, sobald sie f\u00fcr den Zweck ihrer Verarbeitung nicht mehr erforderlich sind.<\/p>\n<p>&nbsp;<\/p>\n<p>Sofern unsere Datenverarbeitung auf Ihrer Einwilligung gem\u00e4\u00df Art. 6 Abs. 1 lit. a DSGVO beruht, k\u00f6nnen Sie Ihre Einwilligung jederzeit widerrufen. Der Widerruf ist an unsere Email-Adresse anziehungspunkt-oberwesel@t-online.de zu richten. Soweit die Datenverarbeitung nur auf der Einwilligung beruht und es an einer anderweitigen Rechtsgrundlage fehlt, werden die Daten nicht mehr verarbeitet. Durch den Widerruf wird die Rechtm\u00e4\u00dfigkeit der aufgrund der Einwilligung bis zum Widerruf erfolgten Verarbeitung nicht ber\u00fchrt.<\/p>\n<p>&nbsp;<\/p>\n<p><strong>Datenverarbeitung auf dieser Website<\/strong><\/p>\n<p><strong>\u00a0<\/strong><\/p>\n<p><strong>Wir verwenden auf unserer Website keine Tracking-, Analyse-Tools und\/oder Plugins.<\/strong><\/p>\n<p>&nbsp;<\/p>\n<p>Server-Log-Dateien<\/p>\n<p>Aus technischen Gr\u00fcnden werden beim Aufruf dieser Website automatisch die folgenden Daten verarbeitet, die Ihr Browser an uns sendet: Browsertyp und -version; verwendetes Betriebssystem; Website, von der aus Sie uns besuchen (Referrer URL); Hostname des zugreifenden Rechners; Datum und Uhrzeit der Serveranfrage. Diese anonymen Daten werden getrennt von Ihren etwa verarbeiteten personenbezogenen Daten verarbeitet und erlauben keine Identifizierung einer bestimmten Person. Soweit es sich dabei um personenbezogene Daten handelt, ist Rechtsgrundlage Art. 6 Abs. 1 lit. f DSGVO; berechtigtes Interesse ist die technische Funktionalit\u00e4t dieser Website und ihre komfortable Nutzung.<\/p>\n<p>&nbsp;<\/p>\n<p>Cookies<\/p>\n<p>Wir verwenden auf unserer Website Cookies, um unsere Website technisch effektiver und sicherer zu machen. Cookies sind kleine Dateien, die der Browser des Kunden automatisch beim Besuch unserer Website erstellt, um das Internetangebot nutzerfreundlicher zu gestalten. Die von uns verwendeten Cookies sind sog. Session-Cookies, die nach Abschluss des Website-Besuchs automatisch gel\u00f6scht werden. Soweit dabei personenbezogene Daten verarbeitet werden, ist Rechtsgrundlage Art. 6 Abs. 1 lit. f DSGVO, wobei wir ein berechtigtes Interesse an der Bereitstellung eines nutzerfreundlichen Online-Dienstes haben.<\/p>\n<p>&nbsp;<\/p>\n<p>&nbsp;<\/p>\n<p><strong>Betroffenenrechte<\/strong><\/p>\n<p>&nbsp;<\/p>\n<p>Sie haben das Recht, der Verwendung Ihrer Daten in besonderen Situationen zu widersprechen (allgemeines Widerspruchsrecht). Im Fall der Einwilligung zu Direktwerbung k\u00f6nnen Sie der Datenverarbeitung jederzeit widersprechen (Werbewiderspruch). Sie haben das Recht, Auskunft \u00fcber die bei uns \u00fcber Sie gespeicherten Daten zu verlangen. Au\u00dferdem k\u00f6nnen Sie bei Unrichtigkeit der Daten deren Berichtigung oder bei unzul\u00e4ssiger Datenspeicherung die L\u00f6schung der Daten bzw. Einschr\u00e4nkung der Verarbeitung fordern. Es besteht ferner ein Recht auf Daten\u00fcbertragbarkeit. Schlie\u00dflich steht Ihnen ein Beschwerderecht bei der zust\u00e4ndigen Aufsichtsbeh\u00f6rde zu.<\/p>\n<p>&nbsp;<\/p>\n<p>&nbsp;<\/p>\n","protected":false},"excerpt":{"rendered":"<p>Datenschutzerkl\u00e4rung nach DSGVO (Stand Mai 2018) Verantwortlicher f\u00fcr die Datenverarbeitung Annette Macholz-Sch\u00fctz Second-Hand Anziehungspunkt Oberwesel Koblenzer Stra\u00dfe 11 55430 Oberwesel &nbsp; Datenverarbeitung allgemein &nbsp; Wir erheben Ihre Daten zum Zweck der Erf\u00fcllung vertraglicher und vorvertraglicher Pflichten sowie aufgrund berechtigter Interessen. Diese sind die Gew\u00e4hrleistung unserer vertraglichen und vorvertraglichen Pflichten und Nebenpflichten sowie einer sicheren technischen [&hellip;]<\/p>\n","protected":false},"author":1,"featured_media":0,"parent":0,"menu_order":0,"comment_status":"closed","ping_status":"closed","template":"","meta":{"jetpack_post_was_ever_published":false},"jetpack_shortlink":"https:\/\/wp.me\/P7mXJU-1o","_links":{"self":[{"href":"https:\/\/blog.anziehungspunkt-oberwesel.de\/index.php?rest_route=\/wp\/v2\/pages\/86"}],"collection":[{"href":"https:\/\/blog.anziehungspunkt-oberwesel.de\/index.php?rest_route=\/wp\/v2\/pages"}],"about":[{"href":"https:\/\/blog.anziehungspunkt-oberwesel.de\/index.php?rest_route=\/wp\/v2\/types\/page"}],"author":[{"embeddable":true,"href":"https:\/\/blog.anziehungspunkt-oberwesel.de\/index.php?rest_route=\/wp\/v2\/users\/1"}],"replies":[{"embeddable":true,"href":"https:\/\/blog.anziehungspunkt-oberwesel.de\/index.php?rest_route=%2Fwp%2Fv2%2Fcomments&post=86"}],"version-history":[{"count":1,"href":"https:\/\/blog.anziehungspunkt-oberwesel.de\/index.php?rest_route=\/wp\/v2\/pages\/86\/revisions"}],"predecessor-version":[{"id":87,"href":"https:\/\/blog.anziehungspunkt-oberwesel.de\/index.php?rest_route=\/wp\/v2\/pages\/86\/revisions\/87"}],"wp:attachment":[{"href":"https:\/\/blog.anziehungspunkt-oberwesel.de\/index.php?rest_route=%2Fwp%2Fv2%2Fmedia&parent=86"}],"curies":[{"name":"wp","href":"https:\/\/api.w.org\/{rel}","templated":true}]}}